{"id":99,"date":"2018-02-09T04:00:38","date_gmt":"2018-02-09T04:00:38","guid":{"rendered":"http:\/\/www.aquecedoresresidencial.com\/assistenciadeaquecedor\/?page_id=91"},"modified":"2018-02-09T04:00:38","modified_gmt":"2018-02-09T04:00:38","slug":"assistencia-tecnica-aquecedor-harman-embu-guacu","status":"publish","type":"page","link":"https:\/\/www.aquecedoresresidencial.com\/assistenciadeaquecedor\/assistencia-tecnica-aquecedor-harman-embu-guacu\/","title":{"rendered":"Assist\u00eancia T\u00e9cnica de Aquecedor Harman Embu Gua\u00e7u"},"content":{"rendered":"<header class=\"&quot;entry-header&quot;\">\n<h1 class=\"entry-title\">Assist\u00eancia T\u00e9cnica de Aquecedor Harman<\/h1>\n<\/header>\n<div class=\"entry-content\">\n<p>\u00a0<a href=\"http:\/\/www.aquecedoresresidencial.com\/assistenciadeaquecedor\/wp-content\/uploads\/2018\/02\/aquecedores-h.png\"><img loading=\"lazy\" decoding=\"async\" class=\"size-medium wp-image-92 alignleft\" src=\"http:\/\/www.aquecedoresresidencial.com\/assistenciadeaquecedor\/wp-content\/uploads\/2018\/02\/aquecedores-h-167x300.png\" alt=\"Assist\u00eancia T\u00e9cnica de Aquecedor Harman\" width=\"167\" height=\"300\" \/><\/a><strong>Assist\u00eancia t\u00e9cnica de aquecedor harman<\/strong>\u00a0entre em\u00a0<a title=\"contato\" href=\"http:\/\/www.aquecedoresresidencial.com\/contatoaquecedores\/\">contato<\/a>\u00a0conosco e<a href=\"http:\/\/www.aquecedoresresidencial.com\/assistenciadeaquecedor\/wp-content\/uploads\/2018\/02\/aquecedor-harman-e1480969059823-169x300.jpg\"><img loading=\"lazy\" decoding=\"async\" class=\"alignright size-medium wp-image-319\" src=\"http:\/\/www.aquecedoresresidencial.com\/assistenciadeaquecedor\/wp-content\/uploads\/2018\/02\/aquecedor-harman-e1480969059823-169x300-169x300.jpg\" alt=\"aquecedor harman\" width=\"169\" height=\"300\" \/><\/a> agende uma visita pelo whatsapp (11) 97389-0165 e fazemos manuten\u00e7\u00e3o de\u00a0<a title=\"aquecedores\" href=\"http:\/\/www.aquecedoresresidencial.com\/aquecedores\/\">aquecedores<\/a>\u00a0a G\u00e1s Aquecedores\u00a0Residencial oferece servi\u00e7os de\u00a0<a href=\"http:\/\/www.aquecedoresresidencial.com\/assistencia-tecnica-de-aquecedor-harman\/\">Assist\u00eancia t\u00e9cnica de aquecedor harman\u00a0<\/a>atrav\u00e9s da especializada m\u00e3o-de-obra, unicamente por muito tempo atuando no segmento de\u00a0<strong>Assist\u00eancia t\u00e9cnica de aquecedor<\/strong>\u00a0harman existentes no mercado Por esta raz\u00e3o nossa empresa tem como suma import\u00e2ncia<\/p>\n<p>Dentro do minucioso padr\u00e3o t\u00e9cnico existentes no mercado todos os tipos de\u00a0<a title=\"aquecedores harman\" href=\"http:\/\/www.aquecedoresresidencial.com\/aquecedores-harman\/\">aquecedores harman<\/a>\u00a0ap\u00f3s algum tempo de uso Exige uma manuten\u00e7\u00e3o de aquecedores completa ou parcial em seus equipamentos ou sistemas uma chamin\u00e9 com comprimento excessivo pode favorecer em dias frios ou resfriamento parcial dos gases quentes de combust\u00e3o, Com redu\u00e7\u00e3o de sua densidade altera\u00e7\u00e3o das condi\u00e7\u00f5es de clima, tornando a chama mais.<\/p>\n<h2>\u00a0Assist\u00eancia t\u00e9cnica de aquecedor harman em Embu Gua\u00e7u 24 Horas<\/h2>\n<p>Deixe seu banho com uma press\u00e3o constante,forte e relaxante, faca cempre uma assist\u00eancia t\u00e9cnica de aquecedor harman\u00a0<a href=\"http:\/\/www.aquecedoresresidencial.com\/manutencao-de-aquecedores-harman\/\">\u00a0<\/a>de \u00e1gua centrar no seu sistema de aquecimento, sejaele a g\u00e1s, el\u00e9trico ou solar. Fazemos uma manuten\u00e7\u00e3o de aquecedor de \u00e1gua centrais das marcas\u00a0<strong>harman<\/strong>, entre outras. Atendemos 24 horas em sua resid\u00eancia, com\u00e9rcio condom\u00ednio. utilizamos apenas pe\u00e7as originais e <a href=\"http:\/\/www.aquecedoresresidencial.com\/assistenciadeaquecedor\/wp-content\/uploads\/2018\/02\/aquecedores-harman.jpg\"><img loading=\"lazy\" decoding=\"async\" class=\" wp-image-312 alignleft\" src=\"http:\/\/www.aquecedoresresidencial.com\/assistenciadeaquecedor\/wp-content\/uploads\/2018\/02\/aquecedores-harman-225x300.jpg\" alt=\"aquecedores harman\" width=\"165\" height=\"220\" \/><\/a>fazemos a\u00a0Assist\u00eancia t\u00e9cnica de aquecedor harman\u00a0de \u00e1gua Central na hora, nossos t\u00e9cnicos s\u00e3o especializados na\u00a0Assist\u00eancia t\u00e9cnica de aquecedor\u00a0harman das melhores marcas do mercado. Entre em\u00a0Aquecedores Residencial solicite uma visita de um de nossos t\u00e9cnicos para uma manuten\u00e7\u00e3o de aquecedor harman<\/p>\n<p>Assist\u00eancia t\u00e9cnica de aquecedores harman<\/p>\n<h4><a href=\"http:\/\/www.aquecedoresresidencial.com\/assistencia-tecnica-de-aquecedor-harman\/\"><strong>Assist\u00eancia<\/strong>\u00a0conserto e instala\u00e7\u00e3o de aquecedor a g\u00e1s el\u00e9trico e solar<\/a><\/h4>\n<p><a href=\"http:\/\/www.pernambucanas.com.br\/\">Aquecedores residencial<\/a>\u00a0somos uma empresa especializada na instala\u00e7\u00e3o e conserto de aquecedores a g\u00e1s e aquecedores el\u00e9tricos.Consertamos e instalamos qual quer modelo de aquecedor el\u00e9trico\u00a0na hora, utilizando pe\u00e7as originais, para suprir as necessidades b\u00e1sicas dos nossos clientes.Os produtos que utilizamos s\u00e3o de qualidade comprovada e de origem nacional . Trabalhamos com as marcas, padr\u00f5es.\u00a0Estamos ao seu dispor para responder \u00e0s necessidades da sua empresa!<\/p>\n<\/div>\n","protected":false},"excerpt":{"rendered":"<p>Assist\u00eancia T\u00e9cnica de Aquecedor Harman \u00a0Assist\u00eancia t\u00e9cnica de aquecedor harman\u00a0entre em\u00a0contato\u00a0conosco e agende uma visita pelo whatsapp (11) 97389-0165 e fazemos manuten\u00e7\u00e3o de\u00a0aquecedores\u00a0a G\u00e1s Aquecedores\u00a0Residencial oferece servi\u00e7os de\u00a0Assist\u00eancia t\u00e9cnica de aquecedor harman\u00a0atrav\u00e9s da especializada m\u00e3o-de-obra, unicamente por muito tempo atuando no segmento de\u00a0Assist\u00eancia t\u00e9cnica de aquecedor\u00a0harman existentes no mercado Por esta raz\u00e3o nossa empresa tem [&hellip;]<\/p>\n","protected":false},"author":1,"featured_media":0,"parent":0,"menu_order":0,"comment_status":"closed","ping_status":"closed","template":"","meta":{"footnotes":""},"_links":{"self":[{"href":"https:\/\/www.aquecedoresresidencial.com\/assistenciadeaquecedor\/wp-json\/wp\/v2\/pages\/99"}],"collection":[{"href":"https:\/\/www.aquecedoresresidencial.com\/assistenciadeaquecedor\/wp-json\/wp\/v2\/pages"}],"about":[{"href":"https:\/\/www.aquecedoresresidencial.com\/assistenciadeaquecedor\/wp-json\/wp\/v2\/types\/page"}],"author":[{"embeddable":true,"href":"https:\/\/www.aquecedoresresidencial.com\/assistenciadeaquecedor\/wp-json\/wp\/v2\/users\/1"}],"replies":[{"embeddable":true,"href":"https:\/\/www.aquecedoresresidencial.com\/assistenciadeaquecedor\/wp-json\/wp\/v2\/comments?post=99"}],"version-history":[{"count":0,"href":"https:\/\/www.aquecedoresresidencial.com\/assistenciadeaquecedor\/wp-json\/wp\/v2\/pages\/99\/revisions"}],"wp:attachment":[{"href":"https:\/\/www.aquecedoresresidencial.com\/assistenciadeaquecedor\/wp-json\/wp\/v2\/media?parent=99"}],"curies":[{"name":"wp","href":"https:\/\/api.w.org\/{rel}","templated":true}]}}