{"id":413,"date":"2018-03-21T06:35:08","date_gmt":"2018-03-21T06:35:08","guid":{"rendered":"http:\/\/www.aquecedoresresidencial.com\/assistenciadeaquecedor\/?page_id=407"},"modified":"2023-03-24T14:45:08","modified_gmt":"2023-03-24T17:45:08","slug":"assistencia-de-aquecedores-harman-em-moema","status":"publish","type":"page","link":"https:\/\/www.aquecedoresresidencial.com\/assistenciadeaquecedor\/assistencia-de-aquecedores-harman-em-moema\/","title":{"rendered":"Assist\u00eancia de Aquecedores Harman em Moema"},"content":{"rendered":"<header class=\"&quot;entry-header&quot;\">\n<h1 class=\"entry-title\" style=\"text-align: justify;\">Assist\u00eancia de Aquecedores Harman em Moema<\/h1>\n<\/header>\n<div class=\"entry-content\">\n<p><strong>Assist\u00eancia de aquecedores harman<\/strong>&nbsp;em&nbsp;moema entre em&nbsp;<a title=\"contato\" href=\"http:\/\/www.aquecedoresresidencial.com\/contatoaquecedores\/\">contato<\/a>&nbsp;conosco e agende uma visita pelo whatsapp (11) 97389-0165 e fazemos manuten\u00e7\u00e3ode&nbsp;<a title=\"aquecedores\" href=\"http:\/\/www.aquecedoresresidencial.com\/aquecedores\/\">aquecedores<\/a>&nbsp;a G\u00e1s Aquecedores&nbsp;Residencial oferece servi\u00e7os de&nbsp;<a href=\"http:\/\/www.aquecedoresresidencial.com\/assistencia-tecnica-de-aquecedor-harman\/\">Assist\u00eancia t\u00e9cnica de aquecedor harman&nbsp;<\/a>atrav\u00e9s da especializada m\u00e3o-de-obra,<\/p>\n<p style=\"text-align: justify;\">unicamente por muito tempo atuando no segmento de&nbsp;<strong>Assist\u00eancia t\u00e9cnica de aquecedor<\/strong>&nbsp;harman existentes no mercado Por esta raz\u00e3o nossa empresa tem como suma import\u00e2ncia<\/p>\n<p style=\"text-align: justify;\">Dentro do minucioso padr\u00e3o t\u00e9cnico existentes no mercado todos os tipos de&nbsp;<a title=\"aquecedores harman\" href=\"http:\/\/www.aquecedoresresidencial.com\/aquecedores-harman\/\">aquecedores harman<\/a>&nbsp;ap\u00f3s algum tempo de uso Exige uma manuten\u00e7\u00e3o de aquecedores completa ou<\/p>\n<p style=\"text-align: justify;\">parcial em seus equipamentos ou sistemas uma chamin\u00e9 com comprimento excessivo pode favorecer em dias frios ou resfriamento parcial dos gases quentes de combust\u00e3o, Com redu\u00e7\u00e3o de sua densidade altera\u00e7\u00e3o das condi\u00e7\u00f5es de clima, tornando a chama mais.<\/p>\n<h2 style=\"text-align: justify;\">&nbsp;Assist\u00eancia de Aquecedores Harman em&nbsp;moema 24 Horas<\/h2>\n<p style=\"text-align: justify;\">Deixe seu banho com uma press\u00e3o constante,forte e relaxante, faca cempre uma assist\u00eancia t\u00e9cnica de aquecedor harman&nbsp;<a href=\"http:\/\/www.aquecedoresresidencial.com\/manutencao-de-aquecedores-harman\/\">&nbsp;<\/a>de \u00e1gua centrar no seu sistema de aquecimento, sejaele a g\u00e1s, el\u00e9trico ou solar. Fazemos uma manuten\u00e7\u00e3o de aquecedor de \u00e1gua centrais das marcas&nbsp;<strong>harman<\/strong>, entre outras. Atendemos 24 horas em sua resid\u00eancia, com\u00e9rcio<\/p>\n<p style=\"text-align: justify;\">condom\u00ednio. utilizamos apenas pe\u00e7as originais e fazemos a&nbsp;Assist\u00eancia t\u00e9cnica de aquecedor harman&nbsp;de \u00e1gua Central na hora, nossos t\u00e9cnicos s\u00e3o especializados na&nbsp;Assist\u00eancia t\u00e9cnica de aquecedor&nbsp;harman das melhores marcas do mercado. Entre em&nbsp;Aquecedores Residencial solicite uma visita de um de nossos t\u00e9cnicos para uma manuten\u00e7\u00e3o de aquecedor harman<\/p>\n<p style=\"text-align: justify;\">Assist\u00eancia de aquecedores harman<\/p>\n<h4 style=\"text-align: justify;\"><a href=\"http:\/\/www.aquecedoresresidencial.com\/assistencia-tecnica-de-aquecedor-harman\/\"><strong>Assist\u00eancia<\/strong>&nbsp;conserto e instala\u00e7\u00e3o de aquecedor a g\u00e1s el\u00e9trico e solar<\/a><\/h4>\n<p style=\"text-align: justify;\"><a href=\"http:\/\/www.pernambucanas.com.br\/\">Aquecedores residencial<\/a>&nbsp;somos uma empresa especializada na instala\u00e7\u00e3o e conserto de aquecedores a g\u00e1s e aquecedores el\u00e9tricos.Consertamos e instalamos qual quer modelo de aquecedor el\u00e9trico&nbsp;na hora, utilizando<\/p>\n<p style=\"text-align: justify;\">pe\u00e7as originais, para suprir as necessidades b\u00e1sicas dos nossos clientes.Os produtos que utilizamos s\u00e3o de qualidade comprovada e de origem nacional . Trabalhamos com as marcas, padr\u00f5es.&nbsp;Estamos ao seu dispor para responder \u00e0s necessidades da sua empresa!<\/p>\n<h3>Assist\u00eancia de Aquecedores Harman em&nbsp;moema<\/h3>\n<\/div>\n","protected":false},"excerpt":{"rendered":"<p>Assist\u00eancia de Aquecedores Harman em Moema Assist\u00eancia de aquecedores harman&nbsp;em&nbsp;moema entre em&nbsp;contato&nbsp;conosco e agende uma visita pelo whatsapp (11) 97389-0165 e fazemos manuten\u00e7\u00e3ode&nbsp;aquecedores&nbsp;a G\u00e1s Aquecedores&nbsp;Residencial oferece servi\u00e7os de&nbsp;Assist\u00eancia t\u00e9cnica de aquecedor harman&nbsp;atrav\u00e9s da especializada m\u00e3o-de-obra, unicamente por muito tempo atuando no segmento de&nbsp;Assist\u00eancia t\u00e9cnica de aquecedor&nbsp;harman existentes no mercado Por esta raz\u00e3o nossa empresa tem [&hellip;]<\/p>\n","protected":false},"author":1,"featured_media":0,"parent":0,"menu_order":0,"comment_status":"closed","ping_status":"closed","template":"","meta":{"footnotes":""},"_links":{"self":[{"href":"https:\/\/www.aquecedoresresidencial.com\/assistenciadeaquecedor\/wp-json\/wp\/v2\/pages\/413"}],"collection":[{"href":"https:\/\/www.aquecedoresresidencial.com\/assistenciadeaquecedor\/wp-json\/wp\/v2\/pages"}],"about":[{"href":"https:\/\/www.aquecedoresresidencial.com\/assistenciadeaquecedor\/wp-json\/wp\/v2\/types\/page"}],"author":[{"embeddable":true,"href":"https:\/\/www.aquecedoresresidencial.com\/assistenciadeaquecedor\/wp-json\/wp\/v2\/users\/1"}],"replies":[{"embeddable":true,"href":"https:\/\/www.aquecedoresresidencial.com\/assistenciadeaquecedor\/wp-json\/wp\/v2\/comments?post=413"}],"version-history":[{"count":2,"href":"https:\/\/www.aquecedoresresidencial.com\/assistenciadeaquecedor\/wp-json\/wp\/v2\/pages\/413\/revisions"}],"predecessor-version":[{"id":882,"href":"https:\/\/www.aquecedoresresidencial.com\/assistenciadeaquecedor\/wp-json\/wp\/v2\/pages\/413\/revisions\/882"}],"wp:attachment":[{"href":"https:\/\/www.aquecedoresresidencial.com\/assistenciadeaquecedor\/wp-json\/wp\/v2\/media?parent=413"}],"curies":[{"name":"wp","href":"https:\/\/api.w.org\/{rel}","templated":true}]}}